{"id":21,"date":"2024-10-17T22:04:41","date_gmt":"2024-10-17T22:04:41","guid":{"rendered":"http:\/\/hibernianlawjournal.com\/?page_id=21"},"modified":"2024-11-26T21:57:59","modified_gmt":"2024-11-26T21:57:59","slug":"lecture","status":"publish","type":"page","link":"https:\/\/hibernianlawjournal.com\/?page_id=21","title":{"rendered":"Lecture"},"content":{"rendered":"\n<p>Since 1999, our Annual Lecture has become a staple event in the Irish legal calendar, at which topics of contemporary significance are discussed by a panel of distinguished guests. In recent years, the HLJ has been fortunate to welcome, among others, current Attorney General Paul Gallagher SC, former Chief Justice John Murray, Professor Colin Harvey of Queen\u2019s University Belfast and Senator Michael McDowell SC as speakers at our Annual Lecture.<\/p>\n\n\n\n<div style=\"height:30px\" aria-hidden=\"true\" class=\"wp-block-spacer\"><\/div>\n\n\n\n<div class=\"wp-block-group is-layout-grid wp-container-core-group-is-layout-478b6e6b wp-block-group-is-layout-grid\">\n<div class=\"wp-block-group is-layout-grid wp-container-core-group-is-layout-478b6e6b wp-block-group-is-layout-grid\">\n<div class=\"wp-block-group is-layout-grid wp-container-core-group-is-layout-478b6e6b wp-block-group-is-layout-grid\">\n<h3 class=\"wp-block-heading has-text-color has-link-color wp-elements-8a5f44086c090e475ff6daa2a058d335\" style=\"color:#0e034f\">Previous Lectures<\/h3>\n<\/div>\n<\/div>\n<\/div>\n\n\n\n<div style=\"height:30px\" aria-hidden=\"true\" class=\"wp-block-spacer\"><\/div>\n\n\n\n<div class=\"wp-block-group is-layout-grid wp-container-core-group-is-layout-85fbad06 wp-block-group-is-layout-grid\">\n<h6 class=\"wp-block-heading has-text-color has-link-color wp-elements-f00edf0d664287b8c8ee458994564b21\" style=\"color:#0e034f;font-size:12px\">The Courts and Court Officers Act 2002:<br>Reflections on 20 Years of Solicitors as Superior Court Judges<\/h6>\n\n\n\n<div class=\"wp-block-group is-layout-grid wp-container-core-group-is-layout-478b6e6b wp-block-group-is-layout-grid\">\n<p style=\"font-size:12px\">2023<\/p>\n<\/div>\n\n\n\n<p class=\"wp-container-content-42ea0ddc\" style=\"font-size:12px\">The Hibernian Law Journal held its Annual Lecture of 2023 at the Law Society of Ireland on Thursday 11 May 2023.<br>Speakers: Mr. Justice Michael Quinn (Chair), Mr Justice Michael Peart, Dr. Jennifer Carroll MacNeill (Minister of State), Michael McDowell SC (TD and Senator).<\/p>\n\n\n\n<div style=\"height:15px\" aria-hidden=\"true\" class=\"wp-block-spacer wp-container-content-438e3557\"><\/div>\n<\/div>\n\n\n\n<div class=\"wp-block-group is-layout-grid wp-container-core-group-is-layout-85fbad06 wp-block-group-is-layout-grid\">\n<h6 class=\"wp-block-heading has-text-color has-link-color wp-elements-2eb0f20be4593cf504f65277de79e3af wp-container-content-7039d532\" style=\"color:#0e034f;font-size:12px\">Emergency Powers &amp;<br>The Executive:<br>Reflections on the Past<br>and a Vision for<br>the Future<\/h6>\n\n\n\n<div class=\"wp-block-group is-layout-grid wp-container-core-group-is-layout-478b6e6b wp-block-group-is-layout-grid\">\n<p style=\"font-size:12px\">2022<\/p>\n<\/div>\n\n\n\n<p class=\"wp-container-content-42ea0ddc\" style=\"font-size:12px\">The Hibernian Law Journal held its Annual Lecture of 2022 at the Law Society of Ireland on Tuesday 19 April 2022.<br>Speakers: Michelle N\u00ed Long\u00e1in (Chair, Law Society of Ireland), Sin\u00e9ad Gibney (IHREC), Jim O\u2019Callaghan (TD Fianna F\u00e1il), Dr. David<br>Kenny (Trinity College Dublin), Jack Horgan-Jones and Hugh O\u2019Connell (Authors of Pandemonium)<\/p>\n\n\n\n<div style=\"height:20px\" aria-hidden=\"true\" class=\"wp-block-spacer wp-container-content-438e3557\"><\/div>\n\n\n\n<h6 class=\"wp-block-heading has-text-color has-link-color wp-elements-8a5004d11baff9ea57a7aef4f0466701\" style=\"color:#0e034f;font-size:12px\">Disinformation in an In<br>formation Age:<br>Ireland\u2019s Response to a<br>Global Challenge<\/h6>\n\n\n\n<p class=\"wp-container-content-7039d532\" style=\"font-size:12px\">2021<\/p>\n\n\n\n<p class=\"wp-container-content-42ea0ddc\" style=\"font-size:12px\">The Hibernian Law Journal held its Annual Lecture of 2021 virtually on 27 April 2021.<br>Speakers: Celene Craig (Deputy Cheif Executive BAI), Paul Quigley (CEO of NEWSWHIP), Professor Lorna Woods (OBE)<\/p>\n\n\n\n<div style=\"height:20px\" aria-hidden=\"true\" class=\"wp-block-spacer wp-container-content-438e3557\"><\/div>\n\n\n\n<h6 class=\"wp-block-heading has-text-color has-link-color wp-elements-ed33844c5263ee378d749df728888e3d\" style=\"color:#0e034f;font-size:12px\">Ireland,<br>Northern Ireland and<br>a Constitutional<br>Conversation<\/h6>\n\n\n\n<p style=\"font-size:12px\">2019<\/p>\n\n\n\n<p class=\"wp-container-content-42ea0ddc\" style=\"font-size:12px\">The Hibernian Law Journal held its Annual Lecture of 2019 \u2013 Ireland, Northern Ireland and a Constitutional Conversation \u2013 at the<br>Law Society of Ireland on 28 November 2019.<\/p>\n\n\n\n<div style=\"height:20px\" aria-hidden=\"true\" class=\"wp-block-spacer wp-container-content-438e3557\"><\/div>\n\n\n\n<h6 class=\"wp-block-heading has-text-color has-link-color wp-elements-0afaa92bb511a67c6a0eb32f524f3080\" style=\"color:#0e034f;font-size:12px\">One Island, Two<br>Systems: The Future<br>of Rights Post-Brexit<\/h6>\n\n\n\n<p style=\"font-size:12px\">2018<\/p>\n\n\n\n<p class=\"wp-container-content-42ea0ddc\" style=\"font-size:12px\">Speakers: Mr Justice Michael Twomey (Chair), S\u00e9amus Woulfe SC, Caoilfhionn Gallagher QC (Doughty Street Chambers), Professor<br>Conor Gearty (London School of Economics), Eilis Barry (Chief Executive of FLAC)<\/p>\n\n\n\n<div style=\"height:20px\" aria-hidden=\"true\" class=\"wp-block-spacer wp-container-content-438e3557\"><\/div>\n\n\n\n<h6 class=\"wp-block-heading has-text-color has-link-color wp-elements-8ebdec0562bbd31f4d4bdf53f67476a3 wp-container-content-7039d532\" style=\"color:#0e034f;font-size:12px\">Checkpoint Cathal \u2013<br>Brexit and the Border<\/h6>\n\n\n\n<p style=\"font-size:12px\">2017<\/p>\n\n\n\n<p class=\"wp-container-content-42ea0ddc\" style=\"font-size:12px\">Speakers: Ms Justice Bronagh O\u2019Hanlon (Chair), Senator Michael McDowell SC, Miriam Gonz\u00e1lez (Partner, Dechert LLP), Professor<br>Colin Harvey (Queen\u2019s University Belfast)<\/p>\n\n\n\n<div style=\"height:20px\" aria-hidden=\"true\" class=\"wp-block-spacer wp-container-content-438e3557\"><\/div>\n\n\n\n<h6 class=\"wp-block-heading has-text-color has-link-color wp-elements-7e7bc5ffb9af558b157afd70be2fa74f wp-container-content-7039d532\" style=\"color:#0e034f;font-size:12px\">Climate Change and<br>Legal Disruption<\/h6>\n\n\n\n<p style=\"font-size:12px\">2016<\/p>\n\n\n\n<p class=\"wp-container-content-42ea0ddc\" style=\"font-size:12px\">Speakers: Mr Justice Garrett Sheehan (Chair), Professor Maria Lee (UCL), Dr \u00c1ine Ryall (UCC)<br>and Dr Eloise Scotford (KCL)<\/p>\n\n\n\n<div style=\"height:20px\" aria-hidden=\"true\" class=\"wp-block-spacer wp-container-content-438e3557\"><\/div>\n\n\n\n<h6 class=\"wp-block-heading has-text-color has-link-color wp-elements-9849ddd99d24db041834d08a3a5a9066\" style=\"color:#0e034f;font-size:12px\">World Wide Web or Wild<br>Wild West? The Rule of<br>Law in a<br>Digitised Society<\/h6>\n\n\n\n<p style=\"font-size:12px\">2015<\/p>\n\n\n\n<p class=\"wp-container-content-42ea0ddc\" style=\"font-size:12px\">Speakers: Mr Justice Garrett Sheehan (Chair), Cliona Kimber BL, Dr. Eoin O\u2019Dell (TCD), Dr. Raphael Cohen-Almagor (Hull)<\/p>\n\n\n\n<div style=\"height:20px\" aria-hidden=\"true\" class=\"wp-block-spacer wp-container-content-438e3557\"><\/div>\n\n\n\n<h6 class=\"wp-block-heading has-text-color has-link-color wp-elements-0e934cdcd27486dba77dda70445745c8\" style=\"color:#0e034f;font-size:12px\">The Future of the<br>Legal Profession<\/h6>\n\n\n\n<p style=\"font-size:12px\">2014<\/p>\n\n\n\n<p class=\"wp-container-content-42ea0ddc\" style=\"font-size:12px\">Speakers: Professor Stephen Gillers (NYU), Professor Alan Paterson (Strathclyde), Professor John Flood (UCD), Mr Justice Michael<br>Peart<\/p>\n\n\n\n<div style=\"height:20px\" aria-hidden=\"true\" class=\"wp-block-spacer wp-container-content-438e3557\"><\/div>\n\n\n\n<h6 class=\"wp-block-heading has-text-color has-link-color wp-elements-b113ee972ebf830fd7d1e022b7b2f43a wp-container-content-7039d532\" style=\"color:#0e034f;font-size:12px\">Press for Freedom \u2013<br>Legal Friction between<br>Press Freedom and Press<br>Regulation in Modern<br>Society<\/h6>\n\n\n\n<p style=\"font-size:12px\">2013<\/p>\n\n\n\n<p class=\"wp-container-content-42ea0ddc\" style=\"font-size:12px\">Speakers: David Leigh (The Guardian), Professor John Horgan (Press Ombudsman),<br>Mr Justice Michael Peart, Vincent Browne<\/p>\n\n\n\n<div style=\"height:20px\" aria-hidden=\"true\" class=\"wp-block-spacer wp-container-content-438e3557\"><\/div>\n\n\n\n<h6 class=\"wp-block-heading has-text-color has-link-color wp-elements-6d1af73396cd107f4ccb2f7142ff3c0f\" style=\"color:#0e034f;font-size:12px\">The Future of<br>Defamation in an Online<br>Society<\/h6>\n\n\n\n<p style=\"font-size:12px\">2012<\/p>\n\n\n\n<p class=\"wp-container-content-42ea0ddc\" style=\"font-size:12px\">Speakers: Mr Justice Michael Peart, Mr Hugh Mohan SC, Mr Michael Kealey (Solicitor)<\/p>\n\n\n\n<div style=\"height:20px\" aria-hidden=\"true\" class=\"wp-block-spacer wp-container-content-438e3557\"><\/div>\n\n\n\n<h6 class=\"wp-block-heading has-text-color has-link-color wp-elements-e49c08d6e66ed2dcef0b56bb24274174 wp-container-content-7039d532\" style=\"color:#0e034f;font-size:12px\">The Commercial Court<\/h6>\n\n\n\n<p style=\"font-size:12px\">2011<\/p>\n\n\n\n<p class=\"wp-container-content-42ea0ddc\" style=\"font-size:12px\">Speakers: Mr Justice Peter Kelly, Ms Justice Finlay-Geoghegan, Mr Justice Michael Peart<\/p>\n\n\n\n<div style=\"height:20px\" aria-hidden=\"true\" class=\"wp-block-spacer wp-container-content-438e3557\"><\/div>\n\n\n\n<h6 class=\"wp-block-heading has-text-color has-link-color wp-elements-45f618acbc4dd09dffc50a0f1b6ae89a\" style=\"color:#0e034f;font-size:12px\">Nationalism,<br>Constitutionalism<br>and the Future of the<br>European Union<\/h6>\n\n\n\n<p style=\"font-size:12px\">2010<\/p>\n\n\n\n<p class=\"wp-container-content-42ea0ddc\" style=\"font-size:12px\">Speaker: Professor Sir David Edward<\/p>\n\n\n\n<div style=\"height:20px\" aria-hidden=\"true\" class=\"wp-block-spacer wp-container-content-438e3557\"><\/div>\n\n\n\n<h6 class=\"wp-block-heading has-text-color has-link-color wp-elements-e41ec9fb11489813622dccd60055c052 wp-container-content-7039d532\" style=\"color:#0e034f;font-size:12px\">The Three Courts<\/h6>\n\n\n\n<p style=\"font-size:12px\">2009<\/p>\n\n\n\n<p class=\"wp-container-content-42ea0ddc\" style=\"font-size:12px\">Speakers: Mr Justice Kevin O\u2019Higgins, Ms Justice Fidelma Macken, Professor Imelda Maher (UCD<\/p>\n\n\n\n<div style=\"height:20px\" aria-hidden=\"true\" class=\"wp-block-spacer wp-container-content-438e3557\"><\/div>\n\n\n\n<p class=\"wp-container-content-7039d532\" style=\"font-size:12px\"><\/p>\n\n\n\n<p class=\"wp-container-content-7039d532\" style=\"font-size:12px\">2007<\/p>\n\n\n\n<p class=\"wp-container-content-42ea0ddc\" style=\"font-size:12px\">Speaker: Advocate General Eleanor Sharpston<\/p>\n\n\n\n<div style=\"height:20px\" aria-hidden=\"true\" class=\"wp-block-spacer wp-container-content-438e3557\"><\/div>\n\n\n\n<p class=\"wp-container-content-7039d532\" style=\"font-size:12px\"><\/p>\n\n\n\n<p class=\"wp-container-content-7039d532\" style=\"font-size:12px\">2006<\/p>\n\n\n\n<p class=\"wp-container-content-42ea0ddc\" style=\"font-size:12px\">Speakers: Judge Erik Mose, President of the International Criminal Tribunal for Rwanda<br>&amp; Dr Maurice Manning, President of the Irish Human Rights Commission<\/p>\n\n\n\n<div style=\"height:20px\" aria-hidden=\"true\" class=\"wp-block-spacer wp-container-content-438e3557\"><\/div>\n\n\n\n<h6 class=\"wp-block-heading has-text-color has-link-color wp-elements-ad1ce68397cbb9505744f7d6ccd2b33c\" style=\"color:#0e034f;font-size:12px\">Justice John Cooke \u2013 Impressions on White<br>Paper<\/h6>\n\n\n\n<p style=\"font-size:12px\">2004<\/p>\n\n\n\n<p class=\"wp-container-content-42ea0ddc\" style=\"font-size:12px\">Speakers: Geo rey Robertson QC, (2004-2005) 5 Hibernian Law Journal 1 and Robert Marshall (Solicitor)<\/p>\n\n\n\n<div style=\"height:20px\" aria-hidden=\"true\" class=\"wp-block-spacer wp-container-content-438e3557\"><\/div>\n\n\n\n<h6 class=\"wp-block-heading has-text-color has-link-color wp-elements-c571863aecbe9ed3092a658a7db5e1c0\" style=\"color:#0e034f;font-size:12px\">Sanctions and<br>International Law: Connect or<br>Disconnect?<\/h6>\n\n\n\n<p style=\"font-size:12px\">2002<\/p>\n\n\n\n<p class=\"wp-container-content-42ea0ddc\" style=\"font-size:12px\">Speakers: Andreas Lowenfeld (NYU), (2003) 4 Hibernian Law Journal 1 and \u201cLegal Limits to International Sanctions\u201d<br>\u2013 Gernot Biehler (TCD), (2003) 4 Hibernian Law Journal 15<\/p>\n\n\n\n<div style=\"height:20px\" aria-hidden=\"true\" class=\"wp-block-spacer wp-container-content-438e3557\"><\/div>\n\n\n\n<h6 class=\"wp-block-heading has-text-color has-link-color wp-elements-2834fd62e528d647c33aaad2446251aa\" style=\"color:#0e034f;font-size:12px\">The Rule of Law and Judicial Remedies in the<br>European Union<\/h6>\n\n\n\n<p style=\"font-size:12px\">2001<\/p>\n\n\n\n<p class=\"wp-container-content-42ea0ddc\" style=\"font-size:12px\">Speakers: Advocate General Francis G. Jacobs, (2002) 3(1) Hibernian Law Journal 1<\/p>\n\n\n\n<div style=\"height:20px\" aria-hidden=\"true\" class=\"wp-block-spacer wp-container-content-438e3557\"><\/div>\n\n\n\n<h6 class=\"wp-block-heading has-text-color has-link-color wp-elements-3bc660cef97fa46a25feb322e1f95c53\" style=\"color:#0e034f;font-size:12px\">Post Nice or Anti-Nice?<br>The Debate on<br>Europe\u2019s Constitutional<br>Future after Ireland\u2019s No<br>Vote<\/h6>\n\n\n\n<p class=\"wp-container-content-7039d532\" style=\"font-size:12px\">2000<\/p>\n\n\n\n<p class=\"wp-container-content-42ea0ddc\" style=\"font-size:12px\">Speakers: Professor Gr\u00e1inne de B\u00farca (EUI), (2001) 2 Hibernian Law Journal 1, John Rogers SC,<br>Dr. Vincent Power (Solicitor)<\/p>\n\n\n\n<div style=\"height:20px\" aria-hidden=\"true\" class=\"wp-block-spacer wp-container-content-438e3557\"><\/div>\n\n\n\n<h6 class=\"wp-block-heading has-text-color has-link-color wp-elements-b46ad369b55223144dfd9832d06d8678 wp-container-content-7039d532\" style=\"color:#0e034f;font-size:12px\">The Second Great<br>English Reform of Civil<br>Justice \u2013 A Triumph of<br>Hope over Experience<\/h6>\n\n\n\n<p class=\"wp-container-content-7039d532\" style=\"font-size:12px\">1999<\/p>\n\n\n\n<p class=\"wp-container-content-42ea0ddc\" style=\"font-size:12px\">Speakers: Professor Adrian Zuckerman (Oxford), (2000) 1(2) Hibernian Law Journal 178 and Michael McDowell SC,<br>\u201cA Reply to Mr Zuckerman\u201d (2000) 1(2) Hibernian Law Journal 198<\/p>\n\n\n\n<div style=\"height:20px\" aria-hidden=\"true\" class=\"wp-block-spacer wp-container-content-438e3557\"><\/div>\n<\/div>\n\n\n\n<p><\/p>\n\n\n\n<p><\/p>\n","protected":false},"excerpt":{"rendered":"<p>Since 1999, our Annual Lecture has become a staple event in the Irish legal calendar, at which topics of contemporary significance are discussed by a panel of distinguished guests. In recent years, the HLJ has been fortunate to welcome, among others, current Attorney General Paul Gallagher SC, former Chief Justice John Murray, Professor Colin Harvey [&hellip;]<\/p>\n","protected":false},"author":1,"featured_media":0,"parent":0,"menu_order":0,"comment_status":"closed","ping_status":"closed","template":"","meta":{"footnotes":""},"class_list":["post-21","page","type-page","status-publish","hentry"],"_links":{"self":[{"href":"https:\/\/hibernianlawjournal.com\/index.php?rest_route=\/wp\/v2\/pages\/21","targetHints":{"allow":["GET"]}}],"collection":[{"href":"https:\/\/hibernianlawjournal.com\/index.php?rest_route=\/wp\/v2\/pages"}],"about":[{"href":"https:\/\/hibernianlawjournal.com\/index.php?rest_route=\/wp\/v2\/types\/page"}],"author":[{"embeddable":true,"href":"https:\/\/hibernianlawjournal.com\/index.php?rest_route=\/wp\/v2\/users\/1"}],"replies":[{"embeddable":true,"href":"https:\/\/hibernianlawjournal.com\/index.php?rest_route=%2Fwp%2Fv2%2Fcomments&post=21"}],"version-history":[{"count":6,"href":"https:\/\/hibernianlawjournal.com\/index.php?rest_route=\/wp\/v2\/pages\/21\/revisions"}],"predecessor-version":[{"id":109,"href":"https:\/\/hibernianlawjournal.com\/index.php?rest_route=\/wp\/v2\/pages\/21\/revisions\/109"}],"wp:attachment":[{"href":"https:\/\/hibernianlawjournal.com\/index.php?rest_route=%2Fwp%2Fv2%2Fmedia&parent=21"}],"curies":[{"name":"wp","href":"https:\/\/api.w.org\/{rel}","templated":true}]}}